{"id":4224,"date":"2023-02-27T11:14:37","date_gmt":"2023-02-27T11:14:37","guid":{"rendered":"https:\/\/www.gorgeous-azores.com\/product\/produto-teste\/"},"modified":"2023-04-14T15:13:34","modified_gmt":"2023-04-14T15:13:34","slug":"produto-teste","status":"publish","type":"product","link":"https:\/\/www.gorgeous-azores.com\/en\/product\/produto-teste\/","title":{"rendered":"Produto Teste"},"content":{"rendered":"<p>Contrary to popular belief, Lorem Ipsum is not simply random text. It has roots in a piece of classical Latin literature from 45 BC, making it over 2000 years old. Richard McClintock, a Latin professor at Hampden-Sydney College in Virginia, looked up one of the more obscure Latin words, consectetur, from a Lorem Ipsum passage, and going through the cites of the word in classical literature, discovered the undoubtable source. Lorem Ipsum comes from sections 1.10.32 and 1.10.33 of &#8220;de Finibus Bonorum et Malorum&#8221; (The Extremes of Good and Evil) by Cicero, written in 45 BC. This book is a treatise on the theory of ethics, very popular during the Renaissance. The first line of Lorem Ipsum, &#8220;Lorem ipsum dolor sit amet..&#8221;, comes from a line in section 1.10.32.<\/p>\n","protected":false},"excerpt":{"rendered":"<p>Esta \u00e9 uma breve descri\u00e7\u00e3o<\/p>\n","protected":false},"featured_media":2224,"template":"","meta":{"_acf_changed":false,"inline_featured_image":false},"product_cat":[91],"product_tag":[],"acf":[],"_links":{"self":[{"href":"https:\/\/www.gorgeous-azores.com\/en\/wp-json\/wp\/v2\/product\/4224"}],"collection":[{"href":"https:\/\/www.gorgeous-azores.com\/en\/wp-json\/wp\/v2\/product"}],"about":[{"href":"https:\/\/www.gorgeous-azores.com\/en\/wp-json\/wp\/v2\/types\/product"}],"wp:featuredmedia":[{"embeddable":true,"href":"https:\/\/www.gorgeous-azores.com\/en\/wp-json\/wp\/v2\/media\/2224"}],"wp:attachment":[{"href":"https:\/\/www.gorgeous-azores.com\/en\/wp-json\/wp\/v2\/media?parent=4224"}],"wp:term":[{"taxonomy":"product_cat","embeddable":true,"href":"https:\/\/www.gorgeous-azores.com\/en\/wp-json\/wp\/v2\/product_cat?post=4224"},{"taxonomy":"product_tag","embeddable":true,"href":"https:\/\/www.gorgeous-azores.com\/en\/wp-json\/wp\/v2\/product_tag?post=4224"}],"curies":[{"name":"wp","href":"https:\/\/api.w.org\/{rel}","templated":true}]}}