{"id":4668,"date":"2023-04-17T14:35:19","date_gmt":"2023-04-17T14:35:19","guid":{"rendered":"https:\/\/www.gorgeous-azores.com\/product\/portas-da-herdade-seleccao-do-enologo-branco-2021\/"},"modified":"2023-05-26T11:55:07","modified_gmt":"2023-05-26T11:55:07","slug":"portas-da-herdade-seleccao-do-enologo-branco-2021","status":"publish","type":"product","link":"https:\/\/www.gorgeous-azores.com\/en\/product\/portas-da-herdade-seleccao-do-enologo-branco-2021\/","title":{"rendered":"Portas da Herdade Selec\u00e7\u00e3o do En\u00f3logo Branco 2021"},"content":{"rendered":"","protected":false},"excerpt":{"rendered":"","protected":false},"featured_media":0,"template":"","meta":{"_acf_changed":false,"inline_featured_image":false},"product_cat":[80],"product_tag":[98],"acf":[],"_links":{"self":[{"href":"https:\/\/www.gorgeous-azores.com\/en\/wp-json\/wp\/v2\/product\/4668"}],"collection":[{"href":"https:\/\/www.gorgeous-azores.com\/en\/wp-json\/wp\/v2\/product"}],"about":[{"href":"https:\/\/www.gorgeous-azores.com\/en\/wp-json\/wp\/v2\/types\/product"}],"wp:attachment":[{"href":"https:\/\/www.gorgeous-azores.com\/en\/wp-json\/wp\/v2\/media?parent=4668"}],"wp:term":[{"taxonomy":"product_cat","embeddable":true,"href":"https:\/\/www.gorgeous-azores.com\/en\/wp-json\/wp\/v2\/product_cat?post=4668"},{"taxonomy":"product_tag","embeddable":true,"href":"https:\/\/www.gorgeous-azores.com\/en\/wp-json\/wp\/v2\/product_tag?post=4668"}],"curies":[{"name":"wp","href":"https:\/\/api.w.org\/{rel}","templated":true}]}}