{"id":4691,"date":"2023-04-14T16:25:47","date_gmt":"2023-04-14T16:25:47","guid":{"rendered":"https:\/\/www.gorgeous-azores.com\/product\/bridao-reserva-tinto-2018\/"},"modified":"2023-06-13T15:31:53","modified_gmt":"2023-06-13T15:31:53","slug":"bridao-reserva-tinto-2018","status":"publish","type":"product","link":"https:\/\/www.gorgeous-azores.com\/en\/product\/bridao-reserva-tinto-2018\/","title":{"rendered":"Brid\u00e3o Reserva Tinto 2018"},"content":{"rendered":"<p>Genu\u00ednos, t\u00edpicos e aut\u00eanticos, os vinhos da Adega Cooperativa do Cartaxo servem excecionalmente os dois des\u00edgnios que se prop\u00f5em: um elevado grau de qualidade e a satisfa\u00e7\u00e3o e reconhecimento dos verdadeiros apreciadores de vinho.<\/p>\n","protected":false},"excerpt":{"rendered":"<p>Genu\u00ednos, t\u00edpicos e aut\u00eanticos, os vinhos da Adega Cooperativa do Cartaxo servem excecionalmente os dois des\u00edgnios que se prop\u00f5em: um elevado grau de qualidade e a satisfa\u00e7\u00e3o e reconhecimento dos verdadeiros apreciadores de vinho.<\/p>\n","protected":false},"featured_media":4856,"template":"","meta":{"_acf_changed":false,"inline_featured_image":false},"product_cat":[91],"product_tag":[98],"acf":[],"_links":{"self":[{"href":"https:\/\/www.gorgeous-azores.com\/en\/wp-json\/wp\/v2\/product\/4691"}],"collection":[{"href":"https:\/\/www.gorgeous-azores.com\/en\/wp-json\/wp\/v2\/product"}],"about":[{"href":"https:\/\/www.gorgeous-azores.com\/en\/wp-json\/wp\/v2\/types\/product"}],"wp:featuredmedia":[{"embeddable":true,"href":"https:\/\/www.gorgeous-azores.com\/en\/wp-json\/wp\/v2\/media\/4856"}],"wp:attachment":[{"href":"https:\/\/www.gorgeous-azores.com\/en\/wp-json\/wp\/v2\/media?parent=4691"}],"wp:term":[{"taxonomy":"product_cat","embeddable":true,"href":"https:\/\/www.gorgeous-azores.com\/en\/wp-json\/wp\/v2\/product_cat?post=4691"},{"taxonomy":"product_tag","embeddable":true,"href":"https:\/\/www.gorgeous-azores.com\/en\/wp-json\/wp\/v2\/product_tag?post=4691"}],"curies":[{"name":"wp","href":"https:\/\/api.w.org\/{rel}","templated":true}]}}