{"id":4692,"date":"2023-04-14T16:24:06","date_gmt":"2023-04-14T16:24:06","guid":{"rendered":"https:\/\/www.gorgeous-azores.com\/product\/bridao-private-collection-tinto-2018\/"},"modified":"2023-07-28T14:18:19","modified_gmt":"2023-07-28T14:18:19","slug":"bridao-private-collection-tinto-2018","status":"publish","type":"product","link":"https:\/\/www.gorgeous-azores.com\/en\/product\/bridao-private-collection-tinto-2018\/","title":{"rendered":"Brid\u00e3o Private Collection Tinto 2018"},"content":{"rendered":"<p>Genu\u00ednos, t\u00edpicos e aut\u00eanticos, os vinhos da Adega Cooperativa do Cartaxo servem excecionalmente os dois des\u00edgnios que se<br \/>\nprop\u00f5em: um elevado grau de qualidade e a satisfa\u00e7\u00e3o e reconhecimento dos verdadeiros apreciadores de vinho.<\/p>\n","protected":false},"excerpt":{"rendered":"<p>Genu\u00ednos, t\u00edpicos e aut\u00eanticos, os vinhos da Adega Cooperativa do Cartaxo servem excecionalmente os dois des\u00edgnios que se prop\u00f5em: um elevado grau de qualidade e a satisfa\u00e7\u00e3o e reconhecimento dos verdadeiros apreciadores de vinho.<\/p>\n","protected":false},"featured_media":4854,"template":"","meta":{"_acf_changed":false,"inline_featured_image":false},"product_cat":[91],"product_tag":[86],"acf":[],"_links":{"self":[{"href":"https:\/\/www.gorgeous-azores.com\/en\/wp-json\/wp\/v2\/product\/4692"}],"collection":[{"href":"https:\/\/www.gorgeous-azores.com\/en\/wp-json\/wp\/v2\/product"}],"about":[{"href":"https:\/\/www.gorgeous-azores.com\/en\/wp-json\/wp\/v2\/types\/product"}],"wp:featuredmedia":[{"embeddable":true,"href":"https:\/\/www.gorgeous-azores.com\/en\/wp-json\/wp\/v2\/media\/4854"}],"wp:attachment":[{"href":"https:\/\/www.gorgeous-azores.com\/en\/wp-json\/wp\/v2\/media?parent=4692"}],"wp:term":[{"taxonomy":"product_cat","embeddable":true,"href":"https:\/\/www.gorgeous-azores.com\/en\/wp-json\/wp\/v2\/product_cat?post=4692"},{"taxonomy":"product_tag","embeddable":true,"href":"https:\/\/www.gorgeous-azores.com\/en\/wp-json\/wp\/v2\/product_tag?post=4692"}],"curies":[{"name":"wp","href":"https:\/\/api.w.org\/{rel}","templated":true}]}}