{"id":4693,"date":"2023-04-14T16:21:36","date_gmt":"2023-04-14T16:21:36","guid":{"rendered":"https:\/\/www.gorgeous-azores.com\/product\/bridao-private-collection-branco-2020\/"},"modified":"2023-06-13T15:22:57","modified_gmt":"2023-06-13T15:22:57","slug":"bridao-private-collection-branco-2020","status":"publish","type":"product","link":"https:\/\/www.gorgeous-azores.com\/en\/product\/bridao-private-collection-branco-2020\/","title":{"rendered":"Brid\u00e3o Private Collection Branco 2020"},"content":{"rendered":"<p>Genu\u00ednos, t\u00edpicos e aut\u00eanticos, os vinhos da Adega Cooperativa do Cartaxo servem excecionalmente os dois des\u00edgnios que se<br \/>\nprop\u00f5em: um elevado grau de qualidade e a satisfa\u00e7\u00e3o e reconhecimento dos verdadeiros apreciadores de vinho.<\/p>\n","protected":false},"excerpt":{"rendered":"<p>Genu\u00ednos, t\u00edpicos e aut\u00eanticos, os vinhos da Adega Cooperativa do Cartaxo servem excecionalmente os dois des\u00edgnios que se prop\u00f5em: um elevado grau de qualidade e a satisfa\u00e7\u00e3o e reconhecimento dos verdadeiros apreciadores de vinho.<\/p>\n","protected":false},"featured_media":4852,"template":"","meta":{"_acf_changed":false,"inline_featured_image":false},"product_cat":[80],"product_tag":[98],"acf":[],"_links":{"self":[{"href":"https:\/\/www.gorgeous-azores.com\/en\/wp-json\/wp\/v2\/product\/4693"}],"collection":[{"href":"https:\/\/www.gorgeous-azores.com\/en\/wp-json\/wp\/v2\/product"}],"about":[{"href":"https:\/\/www.gorgeous-azores.com\/en\/wp-json\/wp\/v2\/types\/product"}],"wp:featuredmedia":[{"embeddable":true,"href":"https:\/\/www.gorgeous-azores.com\/en\/wp-json\/wp\/v2\/media\/4852"}],"wp:attachment":[{"href":"https:\/\/www.gorgeous-azores.com\/en\/wp-json\/wp\/v2\/media?parent=4693"}],"wp:term":[{"taxonomy":"product_cat","embeddable":true,"href":"https:\/\/www.gorgeous-azores.com\/en\/wp-json\/wp\/v2\/product_cat?post=4693"},{"taxonomy":"product_tag","embeddable":true,"href":"https:\/\/www.gorgeous-azores.com\/en\/wp-json\/wp\/v2\/product_tag?post=4693"}],"curies":[{"name":"wp","href":"https:\/\/api.w.org\/{rel}","templated":true}]}}