{"id":4694,"date":"2023-04-14T16:17:39","date_gmt":"2023-04-14T16:17:39","guid":{"rendered":"https:\/\/www.gorgeous-azores.com\/product\/bairrada-messias-classico-branco-2012\/"},"modified":"2023-07-28T14:18:26","modified_gmt":"2023-07-28T14:18:26","slug":"bairrada-messias-classico-branco-2012","status":"publish","type":"product","link":"https:\/\/www.gorgeous-azores.com\/en\/product\/bairrada-messias-classico-branco-2012\/","title":{"rendered":"Bairrada Messias Cl\u00e1ssico Branco 2012"},"content":{"rendered":"<p>A riqueza e a concentra\u00e7\u00e3o das variedades locais Bical e Cerceal cultivadas nos solos calc\u00e1rios resultam num vinho de apar\u00eancia l\u00edmpida, amarelo ouro e nariz com notas evolu\u00eddas e complexas de barro molhado e cera de abelha. Na boca revela-se um vinho de grande estrutura e juventude inesperada. Longo final de prova pontuado por nuances minerais.<\/p>\n","protected":false},"excerpt":{"rendered":"<p>A riqueza e a concentra\u00e7\u00e3o das variedades locais Bical e Cerceal cultivadas nos solos calc\u00e1rios resultam num vinho de apar\u00eancia l\u00edmpida, amarelo ouro e nariz com notas evolu\u00eddas e complexas de barro molhado e cera de abelha. Na boca revela-se um vinho de grande estrutura e juventude inesperada. Longo final de prova pontuado por nuances [&hellip;]<\/p>\n","protected":false},"featured_media":4849,"template":"","meta":{"_acf_changed":false,"inline_featured_image":false},"product_cat":[80],"product_tag":[86],"acf":[],"_links":{"self":[{"href":"https:\/\/www.gorgeous-azores.com\/en\/wp-json\/wp\/v2\/product\/4694"}],"collection":[{"href":"https:\/\/www.gorgeous-azores.com\/en\/wp-json\/wp\/v2\/product"}],"about":[{"href":"https:\/\/www.gorgeous-azores.com\/en\/wp-json\/wp\/v2\/types\/product"}],"wp:featuredmedia":[{"embeddable":true,"href":"https:\/\/www.gorgeous-azores.com\/en\/wp-json\/wp\/v2\/media\/4849"}],"wp:attachment":[{"href":"https:\/\/www.gorgeous-azores.com\/en\/wp-json\/wp\/v2\/media?parent=4694"}],"wp:term":[{"taxonomy":"product_cat","embeddable":true,"href":"https:\/\/www.gorgeous-azores.com\/en\/wp-json\/wp\/v2\/product_cat?post=4694"},{"taxonomy":"product_tag","embeddable":true,"href":"https:\/\/www.gorgeous-azores.com\/en\/wp-json\/wp\/v2\/product_tag?post=4694"}],"curies":[{"name":"wp","href":"https:\/\/api.w.org\/{rel}","templated":true}]}}