{"id":4695,"date":"2023-04-14T16:15:52","date_gmt":"2023-04-14T16:15:52","guid":{"rendered":"https:\/\/www.gorgeous-azores.com\/product\/arribas-do-douro-superior-2019\/"},"modified":"2023-06-13T15:15:49","modified_gmt":"2023-06-13T15:15:49","slug":"arribas-do-douro-superior-2019","status":"publish","type":"product","link":"https:\/\/www.gorgeous-azores.com\/en\/product\/arribas-do-douro-superior-2019\/","title":{"rendered":"Arribas do Douro Superior 2019"},"content":{"rendered":"<p>Apresenta um aroma a frutos vermelhos maduros, especiarias, com notas elegantes de baunilha origin\u00e1rias do est\u00e1gio em barrica. Taninos firmes e agrad\u00e1veis.<\/p>\n","protected":false},"excerpt":{"rendered":"<p>Apresenta um aroma a frutos vermelhos maduros, especiarias, com notas elegantes de baunilha origin\u00e1rias do est\u00e1gio em barrica. Taninos firmes e agrad\u00e1veis.<\/p>\n","protected":false},"featured_media":4844,"template":"","meta":{"_acf_changed":false,"inline_featured_image":false},"product_cat":[91],"product_tag":[98],"acf":[],"_links":{"self":[{"href":"https:\/\/www.gorgeous-azores.com\/en\/wp-json\/wp\/v2\/product\/4695"}],"collection":[{"href":"https:\/\/www.gorgeous-azores.com\/en\/wp-json\/wp\/v2\/product"}],"about":[{"href":"https:\/\/www.gorgeous-azores.com\/en\/wp-json\/wp\/v2\/types\/product"}],"wp:featuredmedia":[{"embeddable":true,"href":"https:\/\/www.gorgeous-azores.com\/en\/wp-json\/wp\/v2\/media\/4844"}],"wp:attachment":[{"href":"https:\/\/www.gorgeous-azores.com\/en\/wp-json\/wp\/v2\/media?parent=4695"}],"wp:term":[{"taxonomy":"product_cat","embeddable":true,"href":"https:\/\/www.gorgeous-azores.com\/en\/wp-json\/wp\/v2\/product_cat?post=4695"},{"taxonomy":"product_tag","embeddable":true,"href":"https:\/\/www.gorgeous-azores.com\/en\/wp-json\/wp\/v2\/product_tag?post=4695"}],"curies":[{"name":"wp","href":"https:\/\/api.w.org\/{rel}","templated":true}]}}