{"id":4698,"date":"2023-04-14T16:09:36","date_gmt":"2023-04-14T16:09:36","guid":{"rendered":"https:\/\/www.gorgeous-azores.com\/product\/arinto-dos-acores-sur-lies-2020\/"},"modified":"2023-07-28T14:18:32","modified_gmt":"2023-07-28T14:18:32","slug":"arinto-dos-acores-sur-lies-2020","status":"publish","type":"product","link":"https:\/\/www.gorgeous-azores.com\/en\/product\/arinto-dos-acores-sur-lies-2020\/","title":{"rendered":"Arinto dos A\u00e7ores SUR LIES 2020"},"content":{"rendered":"<p>Um terroir \u00fanico no mundo, no meio do oceano Atl\u00e2ntico, na base da montanha vulc\u00e2nica do Pico, as vinhas est\u00e3o plantadas nas fendas da rocha, junto ao mar, onde se ouve o \u201ccantar do caranguejo\u201d, pois \u00e9 aqui que h\u00e1 mais sol e calor. Uma proximidade de, por vezes, escassos metros que obriga \u00e0 protec\u00e7\u00e3o da vinha, por muros (currais), dos ventos fortes e salinos do Atl\u00e2ntico.<\/p>\n","protected":false},"excerpt":{"rendered":"<p>Um terroir \u00fanico no mundo, no meio do oceano Atl\u00e2ntico, na base da montanha vulc\u00e2nica do Pico, as vinhas est\u00e3o plantadas nas fendas da rocha, junto ao mar, onde se ouve o \u201ccantar do caranguejo\u201d, pois \u00e9 aqui que h\u00e1 mais sol e calor. Uma proximidade de, por vezes, escassos metros que obriga \u00e0 protec\u00e7\u00e3o [&hellip;]<\/p>\n","protected":false},"featured_media":4838,"template":"","meta":{"_acf_changed":false,"inline_featured_image":false},"product_cat":[80],"product_tag":[86],"acf":[],"_links":{"self":[{"href":"https:\/\/www.gorgeous-azores.com\/en\/wp-json\/wp\/v2\/product\/4698"}],"collection":[{"href":"https:\/\/www.gorgeous-azores.com\/en\/wp-json\/wp\/v2\/product"}],"about":[{"href":"https:\/\/www.gorgeous-azores.com\/en\/wp-json\/wp\/v2\/types\/product"}],"wp:featuredmedia":[{"embeddable":true,"href":"https:\/\/www.gorgeous-azores.com\/en\/wp-json\/wp\/v2\/media\/4838"}],"wp:attachment":[{"href":"https:\/\/www.gorgeous-azores.com\/en\/wp-json\/wp\/v2\/media?parent=4698"}],"wp:term":[{"taxonomy":"product_cat","embeddable":true,"href":"https:\/\/www.gorgeous-azores.com\/en\/wp-json\/wp\/v2\/product_cat?post=4698"},{"taxonomy":"product_tag","embeddable":true,"href":"https:\/\/www.gorgeous-azores.com\/en\/wp-json\/wp\/v2\/product_tag?post=4698"}],"curies":[{"name":"wp","href":"https:\/\/api.w.org\/{rel}","templated":true}]}}